{"id":13,"date":"2026-05-02T00:34:06","date_gmt":"2026-05-02T03:34:06","guid":{"rendered":"http:\/\/biacestas.siteoficial.ws\/?page_id=13"},"modified":"2026-05-04T14:54:39","modified_gmt":"2026-05-04T17:54:39","slug":"quem-somos","status":"publish","type":"page","link":"https:\/\/biacestascuritiba.com.br\/?page_id=13","title":{"rendered":"Quem somos"},"content":{"rendered":"\n<div class=\"wp-block-columns is-layout-flex wp-container-core-columns-is-layout-28f84493 wp-block-columns-is-layout-flex\">\n<div class=\"wp-block-column is-layout-flow wp-block-column-is-layout-flow\">\n<h3 class=\"wp-block-heading\">Quem n\u00f3s somos?<\/h3>\n\n\n\n<p>Com mais de 20 anos de experi\u00eancia e tradi\u00e7\u00e3o, a Bia Cestas de Caf\u00e9 da Manh\u00e3, localizada na cidade de Curitiba\/PR, trabalha com produtos de qualidade, acompanhado de uma bela embalagem decorada, al\u00e9m de muito carinho e responsabilidade, pois somente assim podemos transformar datas especiais em momentos inesquec\u00edveis.<\/p>\n\n\n\n<p>Assim todos os clientes podem contar com a tranquilidade, e a facilidade para efetuar suas compras conosco.<\/p>\n\n\n\n<p>Atendemos Curitiba e Regi\u00e3o Metropolitana, com entregas r\u00e1pidas e op\u00e7\u00e3o 24 horas.<\/p>\n\n\n\n<div class=\"wp-block-buttons is-layout-flex wp-block-buttons-is-layout-flex\">\n<div class=\"wp-block-button\"><a class=\"wp-block-button__link wp-element-button\" href=\"https:\/\/wa.me\/5541998152596?text=Ol\u00e1,%20vim%20pelo%20site%20e%20quero%20pedir%20uma%20cesta%20de%20caf\u00e9%20da%20manh\u00e3%20\ud83d\ude0a\">Quero conhecer voc\u00eas!<\/a><\/div>\n<\/div>\n<\/div>\n\n\n\n<div class=\"wp-block-column is-layout-flow wp-block-column-is-layout-flow\">\n<figure class=\"wp-block-image aligncenter size-full is-resized is-style-rounded\"><img loading=\"lazy\" decoding=\"async\" width=\"960\" height=\"1280\" src=\"https:\/\/biacestascuritiba.com.br\/wp-content\/uploads\/2026\/05\/cesta9.jpeg\" alt=\"\" class=\"wp-image-157\" style=\"width:350px;height:auto\" srcset=\"https:\/\/biacestascuritiba.com.br\/wp-content\/uploads\/2026\/05\/cesta9.jpeg 960w, https:\/\/biacestascuritiba.com.br\/wp-content\/uploads\/2026\/05\/cesta9-225x300.jpeg 225w, https:\/\/biacestascuritiba.com.br\/wp-content\/uploads\/2026\/05\/cesta9-768x1024.jpeg 768w\" sizes=\"auto, (max-width: 960px) 100vw, 960px\" \/><\/figure>\n<\/div>\n<\/div>\n\n\n\n<p><\/p>\n","protected":false},"excerpt":{"rendered":"<p>Quem n\u00f3s somos? Com mais de 20 anos de experi\u00eancia e tradi\u00e7\u00e3o, a Bia Cestas de Caf\u00e9 da Manh\u00e3, localizada [&hellip;]<\/p>\n","protected":false},"author":1,"featured_media":0,"parent":0,"menu_order":0,"comment_status":"closed","ping_status":"closed","template":"","meta":{"site-sidebar-layout":"default","site-content-layout":"","ast-site-content-layout":"default","site-content-style":"default","site-sidebar-style":"default","ast-global-header-display":"","ast-banner-title-visibility":"","ast-main-header-display":"","ast-hfb-above-header-display":"","ast-hfb-below-header-display":"","ast-hfb-mobile-header-display":"","site-post-title":"disabled","ast-breadcrumbs-content":"","ast-featured-img":"","footer-sml-layout":"","ast-disable-related-posts":"","theme-transparent-header-meta":"","adv-header-id-meta":"","stick-header-meta":"","header-above-stick-meta":"","header-main-stick-meta":"","header-below-stick-meta":"","astra-migrate-meta-layouts":"default","ast-page-background-enabled":"default","ast-page-background-meta":{"desktop":{"background-color":"var(--ast-global-color-5)","background-image":"","background-repeat":"repeat","background-position":"center center","background-size":"auto","background-attachment":"scroll","background-type":"","background-media":"","overlay-type":"","overlay-color":"","overlay-opacity":"","overlay-gradient":""},"tablet":{"background-color":"","background-image":"","background-repeat":"repeat","background-position":"center center","background-size":"auto","background-attachment":"scroll","background-type":"","background-media":"","overlay-type":"","overlay-color":"","overlay-opacity":"","overlay-gradient":""},"mobile":{"background-color":"","background-image":"","background-repeat":"repeat","background-position":"center center","background-size":"auto","background-attachment":"scroll","background-type":"","background-media":"","overlay-type":"","overlay-color":"","overlay-opacity":"","overlay-gradient":""}},"ast-content-background-meta":{"desktop":{"background-color":"var(--ast-global-color-4)","background-image":"","background-repeat":"repeat","background-position":"center center","background-size":"auto","background-attachment":"scroll","background-type":"","background-media":"","overlay-type":"","overlay-color":"","overlay-opacity":"","overlay-gradient":""},"tablet":{"background-color":"var(--ast-global-color-4)","background-image":"","background-repeat":"repeat","background-position":"center center","background-size":"auto","background-attachment":"scroll","background-type":"","background-media":"","overlay-type":"","overlay-color":"","overlay-opacity":"","overlay-gradient":""},"mobile":{"background-color":"var(--ast-global-color-4)","background-image":"","background-repeat":"repeat","background-position":"center center","background-size":"auto","background-attachment":"scroll","background-type":"","background-media":"","overlay-type":"","overlay-color":"","overlay-opacity":"","overlay-gradient":""}},"footnotes":""},"class_list":["post-13","page","type-page","status-publish","hentry"],"_links":{"self":[{"href":"https:\/\/biacestascuritiba.com.br\/index.php?rest_route=\/wp\/v2\/pages\/13","targetHints":{"allow":["GET"]}}],"collection":[{"href":"https:\/\/biacestascuritiba.com.br\/index.php?rest_route=\/wp\/v2\/pages"}],"about":[{"href":"https:\/\/biacestascuritiba.com.br\/index.php?rest_route=\/wp\/v2\/types\/page"}],"author":[{"embeddable":true,"href":"https:\/\/biacestascuritiba.com.br\/index.php?rest_route=\/wp\/v2\/users\/1"}],"replies":[{"embeddable":true,"href":"https:\/\/biacestascuritiba.com.br\/index.php?rest_route=%2Fwp%2Fv2%2Fcomments&post=13"}],"version-history":[{"count":12,"href":"https:\/\/biacestascuritiba.com.br\/index.php?rest_route=\/wp\/v2\/pages\/13\/revisions"}],"predecessor-version":[{"id":172,"href":"https:\/\/biacestascuritiba.com.br\/index.php?rest_route=\/wp\/v2\/pages\/13\/revisions\/172"}],"wp:attachment":[{"href":"https:\/\/biacestascuritiba.com.br\/index.php?rest_route=%2Fwp%2Fv2%2Fmedia&parent=13"}],"curies":[{"name":"wp","href":"https:\/\/api.w.org\/{rel}","templated":true}]}}