{"id":16,"date":"2026-05-02T00:34:41","date_gmt":"2026-05-02T03:34:41","guid":{"rendered":"http:\/\/biacestas.siteoficial.ws\/?page_id=16"},"modified":"2026-05-04T14:54:11","modified_gmt":"2026-05-04T17:54:11","slug":"todas-as-cestas","status":"publish","type":"page","link":"https:\/\/biacestascuritiba.com.br\/?page_id=16","title":{"rendered":"Todas as cestas"},"content":{"rendered":"\n<div class=\"wp-block-columns is-layout-flex wp-container-core-columns-is-layout-28f84493 wp-block-columns-is-layout-flex\">\n<div class=\"wp-block-column is-layout-flow wp-block-column-is-layout-flow\">\n<h3 class=\"wp-block-heading\">Nosso card\u00e1pio:<\/h3>\n\n\n\n<div class=\"wp-block-buttons is-layout-flex wp-block-buttons-is-layout-flex\">\n<div class=\"wp-block-button\"><a class=\"wp-block-button__link wp-element-button\" href=\"https:\/\/wa.me\/5541998152596?text=Ol\u00e1,%20vim%20pelo%20site%20e%20quero%20pedir%20uma%20cesta%20de%20caf\u00e9%20da%20manh\u00e3%20\ud83d\ude0a\">Pe\u00e7a ja a sua \ud83d\udc9d<\/a><\/div>\n<\/div>\n\n\n\n<div class=\"wp-block-group is-layout-grid wp-container-core-group-is-layout-478b6e6b wp-block-group-is-layout-grid\">\n<figure class=\"wp-block-image size-full wp-container-content-69bc4bdf\"><img loading=\"lazy\" decoding=\"async\" width=\"1280\" height=\"960\" src=\"https:\/\/biacestascuritiba.com.br\/wp-content\/uploads\/2026\/05\/cesta7.jpeg\" alt=\"\" class=\"wp-image-155\" srcset=\"https:\/\/biacestascuritiba.com.br\/wp-content\/uploads\/2026\/05\/cesta7.jpeg 1280w, https:\/\/biacestascuritiba.com.br\/wp-content\/uploads\/2026\/05\/cesta7-300x225.jpeg 300w, https:\/\/biacestascuritiba.com.br\/wp-content\/uploads\/2026\/05\/cesta7-1024x768.jpeg 1024w, https:\/\/biacestascuritiba.com.br\/wp-content\/uploads\/2026\/05\/cesta7-768x576.jpeg 768w\" sizes=\"auto, (max-width: 1280px) 100vw, 1280px\" \/><figcaption class=\"wp-element-caption\"><strong>Caf\u00e9 da manh\u00e3 M\u00e9dia. <\/strong>Acompanha: 1 sach\u00ea de cafe sol\u00favel, capuccino, ch\u00e1 para ferver, a\u00e7ucares ou ado\u00e7antes, 2 iogurtes, 1 achocolatado, 1 suco, 2 biscoitos doces, 1 biscoito Cream craker, 1 geleia, 1 margarina, 1 nucita, 1 chocolate, 1 pacote de torradas, 1 barra de cereal, 1 mini cereal, 1 mini bolo, 1 fruta da \u00e9poca, 1 caneca, 3 p\u00e3es, queijo e presunto. <br><br> <strong>R$ 170<\/strong><\/figcaption><\/figure>\n\n\n\n<figure class=\"wp-block-image size-full wp-container-content-69bc4bdf\"><img loading=\"lazy\" decoding=\"async\" width=\"1280\" height=\"960\" src=\"https:\/\/biacestascuritiba.com.br\/wp-content\/uploads\/2026\/05\/cesta4.jpeg\" alt=\"\" class=\"wp-image-153\" srcset=\"https:\/\/biacestascuritiba.com.br\/wp-content\/uploads\/2026\/05\/cesta4.jpeg 1280w, https:\/\/biacestascuritiba.com.br\/wp-content\/uploads\/2026\/05\/cesta4-300x225.jpeg 300w, https:\/\/biacestascuritiba.com.br\/wp-content\/uploads\/2026\/05\/cesta4-1024x768.jpeg 1024w, https:\/\/biacestascuritiba.com.br\/wp-content\/uploads\/2026\/05\/cesta4-768x576.jpeg 768w\" sizes=\"auto, (max-width: 1280px) 100vw, 1280px\" \/><figcaption class=\"wp-element-caption\"><strong>Caf\u00e9 da manh\u00e3 grande.<\/strong><br>Acompanha: 1 sach\u00ea de cafe sol\u00favel, capuccino, ch\u00e1 para ferver, a\u00e7ucares ou ado\u00e7antes, 2 iogurtes, 1 achocolatado, 1 suco, 2 biscoitos doces, 1 biscoito Cream craker, 1 geleia, 1 margarina, 1 nucita, 1 chocolate, 1 pacote de torradas, 1 barra de cereal, 1 mini cereal, 1 mini bolo,<br>1 p\u00e3o de mel, 1 biscoito Waffer, 1 Club social, 1 biscoito belvita, 1 biscoito Hot craker, 2 frutas da \u00e9poca, 1 caneca, 3 p\u00e3es, queijo e presunto.<br><br><strong>R$ 183<\/strong><\/figcaption><\/figure>\n\n\n\n<figure class=\"wp-block-image size-full\"><img loading=\"lazy\" decoding=\"async\" width=\"1280\" height=\"960\" src=\"https:\/\/biacestascuritiba.com.br\/wp-content\/uploads\/2026\/05\/cesta12.jpeg\" alt=\"\" class=\"wp-image-163\" srcset=\"https:\/\/biacestascuritiba.com.br\/wp-content\/uploads\/2026\/05\/cesta12.jpeg 1280w, https:\/\/biacestascuritiba.com.br\/wp-content\/uploads\/2026\/05\/cesta12-300x225.jpeg 300w, https:\/\/biacestascuritiba.com.br\/wp-content\/uploads\/2026\/05\/cesta12-1024x768.jpeg 1024w, https:\/\/biacestascuritiba.com.br\/wp-content\/uploads\/2026\/05\/cesta12-768x576.jpeg 768w\" sizes=\"auto, (max-width: 1280px) 100vw, 1280px\" \/><figcaption class=\"wp-element-caption\"><strong>Caf\u00e9 da manh\u00e3 luxo.<\/strong><br>Acompanha: 1 sach\u00ea de cafe sol\u00favel, capuccino, ch\u00e1 para ferver, a\u00e7ucares ou ado\u00e7antes, 2 iogurtes, 1 achocolatado, 1 suco, 1 yakut, 2 biscoitos doces, 2 biscoitos Cream craker, 2 geleia, 2 margarina, 2 nucita, 1 chocolate, 1 pacote de torradas, 1 barra de cereal, 1 mini cereal, 1 mini bolo,1 p\u00e3o de mel, 1 biscoito Waffer, 2 Club social, 2 biscoito belvita, 1 biscoito Hot craker, 3 frutas da \u00e9poca, 1 caneca, 4 p\u00e3es, <br>queijo e presunto,1 mini vaso de flores.<br><br><strong>R$ 220<\/strong><\/figcaption><\/figure>\n\n\n\n<figure class=\"wp-block-image size-full\"><img loading=\"lazy\" decoding=\"async\" width=\"1280\" height=\"960\" src=\"https:\/\/biacestascuritiba.com.br\/wp-content\/uploads\/2026\/05\/cesta11.jpeg\" alt=\"\" class=\"wp-image-162\" srcset=\"https:\/\/biacestascuritiba.com.br\/wp-content\/uploads\/2026\/05\/cesta11.jpeg 1280w, https:\/\/biacestascuritiba.com.br\/wp-content\/uploads\/2026\/05\/cesta11-300x225.jpeg 300w, https:\/\/biacestascuritiba.com.br\/wp-content\/uploads\/2026\/05\/cesta11-1024x768.jpeg 1024w, https:\/\/biacestascuritiba.com.br\/wp-content\/uploads\/2026\/05\/cesta11-768x576.jpeg 768w\" sizes=\"auto, (max-width: 1280px) 100vw, 1280px\" \/><figcaption class=\"wp-element-caption\"><strong>Caf\u00e9 de anivers\u00e1rio, modelo 1.<\/strong><br>Acompanha: 1 sach\u00ea de cafe sol\u00favel, capuccino, ch\u00e1 para ferver, a\u00e7ucares ou ado\u00e7antes, 2 iogurtes, 1 achocolatado, 1 suco, 1 yakut, 1 biscoito doce amanteigado, 2 biscoitos Cream craker, 1 geleia, 1 margarina, 2 bombons, 1 pacote de torradas, 1 barra de cereal, 1 mini cereal, 1 mini bolo,1 p\u00e3o de mel, 1 biscoito Waffer, 2 Club social, 1 biscoito belvita, 3 frutas da \u00e9poca, 1 caneca, 5 p\u00e3es, <br>embalagem de queijo e presunto, 1 jogo de talheres e guardanapo.<br><br>*Cesta decorada com bal\u00f5es, mini bolo com mini vela*<br><br><strong>R$ 210<\/strong><br><\/figcaption><\/figure>\n\n\n\n<figure class=\"wp-block-image size-full\"><img loading=\"lazy\" decoding=\"async\" width=\"1280\" height=\"960\" src=\"https:\/\/biacestascuritiba.com.br\/wp-content\/uploads\/2026\/05\/cesta10.jpeg\" alt=\"\" class=\"wp-image-161\" srcset=\"https:\/\/biacestascuritiba.com.br\/wp-content\/uploads\/2026\/05\/cesta10.jpeg 1280w, https:\/\/biacestascuritiba.com.br\/wp-content\/uploads\/2026\/05\/cesta10-300x225.jpeg 300w, https:\/\/biacestascuritiba.com.br\/wp-content\/uploads\/2026\/05\/cesta10-1024x768.jpeg 1024w, https:\/\/biacestascuritiba.com.br\/wp-content\/uploads\/2026\/05\/cesta10-768x576.jpeg 768w\" sizes=\"auto, (max-width: 1280px) 100vw, 1280px\" \/><figcaption class=\"wp-element-caption\"><strong>Caf\u00e9 de anivers\u00e1rio, modelo 2.<\/strong><br>Acompanha: 1 sach\u00ea de cafe sol\u00favel, capuccino, ch\u00e1 para ferver, a\u00e7ucares ou ado\u00e7antes, 2 iogurtes, 1 achocolatado, 1 suco, 1 yakut, 1 biscoito doce amanteigado, 2 biscoitos Cream craker, 1 geleia, 1 margarina, 1 mini torrone, 1 chocolate, 1 pacote de torradas, 1 barra de cereal, 1 mini cereal, 1 mini bolo,<br>2 frutas da \u00e9poca, 1 caneca, 4 p\u00e3es, embalagem de queijo e presunto, 1 jogo de talheres e guardanapo.<br><br><br>*Cesta decorada com bal\u00f5es, mini bolo com mini vela*<br><br><strong>R$ 190<\/strong><br><br><\/figcaption><\/figure>\n<\/div>\n<\/div>\n<\/div>\n\n\n\n<ul class=\"wp-block-list\">\n<li>A cor da decora\u00e7\u00e3o da cesta pode variar de acordo com a disponibilidade do dia.<\/li>\n\n\n\n<li>Na falta de algum item o mesmo poder\u00e1 ser substitu\u00eddo por outro de igual valor e qualidade!<\/li>\n<\/ul>\n\n\n\n<div class=\"wp-block-columns is-layout-flex wp-container-core-columns-is-layout-28f84493 wp-block-columns-is-layout-flex\">\n<div class=\"wp-block-column is-layout-flow wp-block-column-is-layout-flow\"><\/div>\n<\/div>\n\n\n\n<p><\/p>\n","protected":false},"excerpt":{"rendered":"<p>Nosso card\u00e1pio:<\/p>\n","protected":false},"author":1,"featured_media":0,"parent":0,"menu_order":0,"comment_status":"closed","ping_status":"closed","template":"","meta":{"site-sidebar-layout":"default","site-content-layout":"","ast-site-content-layout":"default","site-content-style":"default","site-sidebar-style":"default","ast-global-header-display":"","ast-banner-title-visibility":"","ast-main-header-display":"","ast-hfb-above-header-display":"","ast-hfb-below-header-display":"","ast-hfb-mobile-header-display":"","site-post-title":"disabled","ast-breadcrumbs-content":"","ast-featured-img":"","footer-sml-layout":"","ast-disable-related-posts":"","theme-transparent-header-meta":"","adv-header-id-meta":"","stick-header-meta":"","header-above-stick-meta":"","header-main-stick-meta":"","header-below-stick-meta":"","astra-migrate-meta-layouts":"default","ast-page-background-enabled":"default","ast-page-background-meta":{"desktop":{"background-color":"var(--ast-global-color-5)","background-image":"","background-repeat":"repeat","background-position":"center center","background-size":"auto","background-attachment":"scroll","background-type":"","background-media":"","overlay-type":"","overlay-color":"","overlay-opacity":"","overlay-gradient":""},"tablet":{"background-color":"","background-image":"","background-repeat":"repeat","background-position":"center center","background-size":"auto","background-attachment":"scroll","background-type":"","background-media":"","overlay-type":"","overlay-color":"","overlay-opacity":"","overlay-gradient":""},"mobile":{"background-color":"","background-image":"","background-repeat":"repeat","background-position":"center center","background-size":"auto","background-attachment":"scroll","background-type":"","background-media":"","overlay-type":"","overlay-color":"","overlay-opacity":"","overlay-gradient":""}},"ast-content-background-meta":{"desktop":{"background-color":"var(--ast-global-color-4)","background-image":"","background-repeat":"repeat","background-position":"center center","background-size":"auto","background-attachment":"scroll","background-type":"","background-media":"","overlay-type":"","overlay-color":"","overlay-opacity":"","overlay-gradient":""},"tablet":{"background-color":"var(--ast-global-color-4)","background-image":"","background-repeat":"repeat","background-position":"center center","background-size":"auto","background-attachment":"scroll","background-type":"","background-media":"","overlay-type":"","overlay-color":"","overlay-opacity":"","overlay-gradient":""},"mobile":{"background-color":"var(--ast-global-color-4)","background-image":"","background-repeat":"repeat","background-position":"center center","background-size":"auto","background-attachment":"scroll","background-type":"","background-media":"","overlay-type":"","overlay-color":"","overlay-opacity":"","overlay-gradient":""}},"footnotes":""},"class_list":["post-16","page","type-page","status-publish","hentry"],"_links":{"self":[{"href":"https:\/\/biacestascuritiba.com.br\/index.php?rest_route=\/wp\/v2\/pages\/16","targetHints":{"allow":["GET"]}}],"collection":[{"href":"https:\/\/biacestascuritiba.com.br\/index.php?rest_route=\/wp\/v2\/pages"}],"about":[{"href":"https:\/\/biacestascuritiba.com.br\/index.php?rest_route=\/wp\/v2\/types\/page"}],"author":[{"embeddable":true,"href":"https:\/\/biacestascuritiba.com.br\/index.php?rest_route=\/wp\/v2\/users\/1"}],"replies":[{"embeddable":true,"href":"https:\/\/biacestascuritiba.com.br\/index.php?rest_route=%2Fwp%2Fv2%2Fcomments&post=16"}],"version-history":[{"count":13,"href":"https:\/\/biacestascuritiba.com.br\/index.php?rest_route=\/wp\/v2\/pages\/16\/revisions"}],"predecessor-version":[{"id":171,"href":"https:\/\/biacestascuritiba.com.br\/index.php?rest_route=\/wp\/v2\/pages\/16\/revisions\/171"}],"wp:attachment":[{"href":"https:\/\/biacestascuritiba.com.br\/index.php?rest_route=%2Fwp%2Fv2%2Fmedia&parent=16"}],"curies":[{"name":"wp","href":"https:\/\/api.w.org\/{rel}","templated":true}]}}