{"id":6,"date":"2026-05-02T00:04:56","date_gmt":"2026-05-02T03:04:56","guid":{"rendered":"http:\/\/biacestas.siteoficial.ws\/?page_id=6"},"modified":"2026-05-04T14:53:42","modified_gmt":"2026-05-04T17:53:42","slug":"home","status":"publish","type":"page","link":"https:\/\/biacestascuritiba.com.br\/","title":{"rendered":"Home"},"content":{"rendered":"\n<div class=\"wp-block-buttons is-layout-flex wp-block-buttons-is-layout-flex\"><\/div>\n\n\n\n<div class=\"wp-block-columns is-layout-flex wp-container-core-columns-is-layout-28f84493 wp-block-columns-is-layout-flex\">\n<div class=\"wp-block-column is-layout-flow wp-block-column-is-layout-flow\">\n<h3 class=\"wp-block-heading\">Cestas de Caf\u00e9 da Manh\u00e3 em Curitiba!<\/h3>\n\n\n\n<p>Entrega r\u00e1pida, 24 horas, com carinho em cada detalhe \ud83d\udc9d<\/p>\n\n\n\n<div class=\"wp-block-buttons is-layout-flex wp-block-buttons-is-layout-flex\">\n<div class=\"wp-block-button\"><a class=\"wp-block-button__link wp-element-button\" href=\"https:\/\/wa.me\/5541998152596?text=Ol\u00e1,%20vim%20pelo%20site%20e%20quero%20pedir%20uma%20cesta%20de%20caf\u00e9%20da%20manh\u00e3%20\ud83d\ude0a\">Pe\u00e7a pelo WhatsApp<\/a><\/div>\n<\/div>\n<\/div>\n\n\n\n<div class=\"wp-block-column is-layout-flow wp-block-column-is-layout-flow\">\n<blockquote class=\"wp-block-quote is-layout-flow wp-block-quote-is-layout-flow\">\n<p>&#8220;Mais de 20 anos de experi\u00eancia em Curitiba.<br>Entrega r\u00e1pida e produtos de qualidade para surpreender quem voc\u00ea mais ama.&#8221;<\/p>\n<\/blockquote>\n<\/div>\n<\/div>\n\n\n\n<div class=\"wp-block-columns is-layout-flex wp-container-core-columns-is-layout-28f84493 wp-block-columns-is-layout-flex\">\n<div class=\"wp-block-column is-layout-flow wp-block-column-is-layout-flow\">\n<h4 class=\"wp-block-heading\">Algumas das nossas op\u00e7\u00f5es&#8230;<\/h4>\n\n\n\n<p>Clique e saiba mais!<\/p>\n\n\n\n<figure class=\"wp-block-gallery has-nested-images columns-default is-cropped wp-block-gallery-1 is-layout-flex wp-block-gallery-is-layout-flex\">\n<figure class=\"wp-block-image size-large is-style-rounded\"><img loading=\"lazy\" decoding=\"async\" width=\"1024\" height=\"768\" data-id=\"155\" src=\"https:\/\/biacestascuritiba.com.br\/wp-content\/uploads\/2026\/05\/cesta7-1024x768.jpeg\" alt=\"\" class=\"wp-image-155\" srcset=\"https:\/\/biacestascuritiba.com.br\/wp-content\/uploads\/2026\/05\/cesta7-1024x768.jpeg 1024w, https:\/\/biacestascuritiba.com.br\/wp-content\/uploads\/2026\/05\/cesta7-300x225.jpeg 300w, https:\/\/biacestascuritiba.com.br\/wp-content\/uploads\/2026\/05\/cesta7-768x576.jpeg 768w, https:\/\/biacestascuritiba.com.br\/wp-content\/uploads\/2026\/05\/cesta7.jpeg 1280w\" sizes=\"auto, (max-width: 1024px) 100vw, 1024px\" \/><figcaption class=\"wp-element-caption\">M\u00e9dia<\/figcaption><\/figure>\n\n\n\n<figure class=\"wp-block-image size-large is-style-rounded\"><img loading=\"lazy\" decoding=\"async\" width=\"1024\" height=\"768\" data-id=\"153\" src=\"https:\/\/biacestascuritiba.com.br\/wp-content\/uploads\/2026\/05\/cesta4-1024x768.jpeg\" alt=\"\" class=\"wp-image-153\" srcset=\"https:\/\/biacestascuritiba.com.br\/wp-content\/uploads\/2026\/05\/cesta4-1024x768.jpeg 1024w, https:\/\/biacestascuritiba.com.br\/wp-content\/uploads\/2026\/05\/cesta4-300x225.jpeg 300w, https:\/\/biacestascuritiba.com.br\/wp-content\/uploads\/2026\/05\/cesta4-768x576.jpeg 768w, https:\/\/biacestascuritiba.com.br\/wp-content\/uploads\/2026\/05\/cesta4.jpeg 1280w\" sizes=\"auto, (max-width: 1024px) 100vw, 1024px\" \/><figcaption class=\"wp-element-caption\">Grande<\/figcaption><\/figure>\n\n\n\n<figure class=\"wp-block-image size-large is-style-rounded\"><img loading=\"lazy\" decoding=\"async\" width=\"1024\" height=\"576\" data-id=\"152\" src=\"https:\/\/biacestascuritiba.com.br\/wp-content\/uploads\/2026\/05\/cesta3-1024x576.jpeg\" alt=\"\" class=\"wp-image-152\" srcset=\"https:\/\/biacestascuritiba.com.br\/wp-content\/uploads\/2026\/05\/cesta3-1024x576.jpeg 1024w, https:\/\/biacestascuritiba.com.br\/wp-content\/uploads\/2026\/05\/cesta3-300x169.jpeg 300w, https:\/\/biacestascuritiba.com.br\/wp-content\/uploads\/2026\/05\/cesta3-768x432.jpeg 768w, https:\/\/biacestascuritiba.com.br\/wp-content\/uploads\/2026\/05\/cesta3-1536x864.jpeg 1536w, https:\/\/biacestascuritiba.com.br\/wp-content\/uploads\/2026\/05\/cesta3-2048x1152.jpeg 2048w\" sizes=\"auto, (max-width: 1024px) 100vw, 1024px\" \/><figcaption class=\"wp-element-caption\">Para as m\u00e3es<\/figcaption><\/figure>\n<\/figure>\n<\/div>\n<\/div>\n\n\n\n<div class=\"wp-block-columns is-layout-flex wp-container-core-columns-is-layout-28f84493 wp-block-columns-is-layout-flex\">\n<div class=\"wp-block-column is-layout-flow wp-block-column-is-layout-flow\">\n<ul class=\"wp-block-list\">\n<li>\u2705 Entrega em Curitiba e regi\u00e3o<\/li>\n\n\n\n<li>\u2705 Atendimento via Whatsapp<\/li>\n\n\n\n<li>\u2705 Op\u00e7\u00e3o de entrega no mesmo Dia<\/li>\n\n\n\n<li>\u2705 Cestas Personalizadas<\/li>\n<\/ul>\n<\/div>\n\n\n\n<div class=\"wp-block-column is-layout-flow wp-block-column-is-layout-flow\">\n<h4 class=\"wp-block-heading\">Pe\u00e7a agora sua cesta e surpreenda algu\u00e9m especial \ud83d\udc9d<\/h4>\n\n\n\n<div class=\"wp-block-buttons is-layout-flex wp-block-buttons-is-layout-flex\">\n<div class=\"wp-block-button\"><a class=\"wp-block-button__link wp-element-button\" href=\"https:\/\/wa.me\/5541998152596?text=Ol\u00e1,%20vim%20pelo%20site%20e%20quero%20pedir%20uma%20cesta%20de%20caf\u00e9%20da%20manh\u00e3%20\ud83d\ude0a\">Pe\u00e7a pelo WhatsApp<\/a><\/div>\n<\/div>\n<\/div>\n<\/div>\n","protected":false},"excerpt":{"rendered":"<p>Cestas de Caf\u00e9 da Manh\u00e3 em Curitiba! Entrega r\u00e1pida, 24 horas, com carinho em cada detalhe \ud83d\udc9d &#8220;Mais de 20 [&hellip;]<\/p>\n","protected":false},"author":1,"featured_media":0,"parent":0,"menu_order":0,"comment_status":"closed","ping_status":"closed","template":"","meta":{"site-sidebar-layout":"default","site-content-layout":"","ast-site-content-layout":"default","site-content-style":"default","site-sidebar-style":"default","ast-global-header-display":"","ast-banner-title-visibility":"","ast-main-header-display":"","ast-hfb-above-header-display":"","ast-hfb-below-header-display":"","ast-hfb-mobile-header-display":"","site-post-title":"disabled","ast-breadcrumbs-content":"","ast-featured-img":"","footer-sml-layout":"","ast-disable-related-posts":"","theme-transparent-header-meta":"","adv-header-id-meta":"","stick-header-meta":"","header-above-stick-meta":"","header-main-stick-meta":"","header-below-stick-meta":"","astra-migrate-meta-layouts":"default","ast-page-background-enabled":"default","ast-page-background-meta":{"desktop":{"background-color":"var(--ast-global-color-5)","background-image":"","background-repeat":"repeat","background-position":"center center","background-size":"auto","background-attachment":"scroll","background-type":"","background-media":"","overlay-type":"","overlay-color":"","overlay-opacity":"","overlay-gradient":""},"tablet":{"background-color":"","background-image":"","background-repeat":"repeat","background-position":"center center","background-size":"auto","background-attachment":"scroll","background-type":"","background-media":"","overlay-type":"","overlay-color":"","overlay-opacity":"","overlay-gradient":""},"mobile":{"background-color":"","background-image":"","background-repeat":"repeat","background-position":"center center","background-size":"auto","background-attachment":"scroll","background-type":"","background-media":"","overlay-type":"","overlay-color":"","overlay-opacity":"","overlay-gradient":""}},"ast-content-background-meta":{"desktop":{"background-color":"var(--ast-global-color-4)","background-image":"","background-repeat":"repeat","background-position":"center center","background-size":"auto","background-attachment":"scroll","background-type":"","background-media":"","overlay-type":"","overlay-color":"","overlay-opacity":"","overlay-gradient":""},"tablet":{"background-color":"var(--ast-global-color-4)","background-image":"","background-repeat":"repeat","background-position":"center center","background-size":"auto","background-attachment":"scroll","background-type":"","background-media":"","overlay-type":"","overlay-color":"","overlay-opacity":"","overlay-gradient":""},"mobile":{"background-color":"var(--ast-global-color-4)","background-image":"","background-repeat":"repeat","background-position":"center center","background-size":"auto","background-attachment":"scroll","background-type":"","background-media":"","overlay-type":"","overlay-color":"","overlay-opacity":"","overlay-gradient":""}},"footnotes":""},"class_list":["post-6","page","type-page","status-publish","hentry"],"_links":{"self":[{"href":"https:\/\/biacestascuritiba.com.br\/index.php?rest_route=\/wp\/v2\/pages\/6","targetHints":{"allow":["GET"]}}],"collection":[{"href":"https:\/\/biacestascuritiba.com.br\/index.php?rest_route=\/wp\/v2\/pages"}],"about":[{"href":"https:\/\/biacestascuritiba.com.br\/index.php?rest_route=\/wp\/v2\/types\/page"}],"author":[{"embeddable":true,"href":"https:\/\/biacestascuritiba.com.br\/index.php?rest_route=\/wp\/v2\/users\/1"}],"replies":[{"embeddable":true,"href":"https:\/\/biacestascuritiba.com.br\/index.php?rest_route=%2Fwp%2Fv2%2Fcomments&post=6"}],"version-history":[{"count":47,"href":"https:\/\/biacestascuritiba.com.br\/index.php?rest_route=\/wp\/v2\/pages\/6\/revisions"}],"predecessor-version":[{"id":170,"href":"https:\/\/biacestascuritiba.com.br\/index.php?rest_route=\/wp\/v2\/pages\/6\/revisions\/170"}],"wp:attachment":[{"href":"https:\/\/biacestascuritiba.com.br\/index.php?rest_route=%2Fwp%2Fv2%2Fmedia&parent=6"}],"curies":[{"name":"wp","href":"https:\/\/api.w.org\/{rel}","templated":true}]}}